{"id":1750,"date":"2025-06-18T10:33:49","date_gmt":"2025-06-18T10:33:49","guid":{"rendered":"https:\/\/tbifrance.com\/?page_id=1750"},"modified":"2025-06-18T10:54:55","modified_gmt":"2025-06-18T10:54:55","slug":"cookie-policy","status":"publish","type":"page","link":"https:\/\/tbifrance.com\/fr\/cookie-policy\/","title":{"rendered":"Politique de cookies"},"content":{"rendered":"<style>.elementor-1750 .elementor-element.elementor-element-da9b5e6{--display:flex;--flex-direction:column;--container-widget-width:100%;--container-widget-height:initial;--container-widget-flex-grow:0;--container-widget-align-self:initial;--flex-wrap-mobile:wrap;--padding-top:50px;--padding-bottom:50px;--padding-left:0px;--padding-right:0px;}.elementor-1750 .elementor-element.elementor-element-da9b5e6:not(.elementor-motion-effects-element-type-background), .elementor-1750 .elementor-element.elementor-element-da9b5e6 > .elementor-motion-effects-container > .elementor-motion-effects-layer{background-color:#000000;}.elementor-1750 .elementor-element.elementor-element-8f4e0eb{--display:flex;--min-height:300px;--flex-direction:row;--container-widget-width:calc( ( 1 - var( --container-widget-flex-grow ) ) * 100% );--container-widget-height:100%;--container-widget-flex-grow:1;--container-widget-align-self:stretch;--flex-wrap-mobile:wrap;--justify-content:center;--align-items:center;--border-radius:50px 50px 50px 50px;--padding-top:50px;--padding-bottom:50px;--padding-left:50px;--padding-right:50px;}.elementor-1750 .elementor-element.elementor-element-8f4e0eb:not(.elementor-motion-effects-element-type-background), .elementor-1750 .elementor-element.elementor-element-8f4e0eb > .elementor-motion-effects-container > .elementor-motion-effects-layer{background-color:#1C1A1A;background-image:url(\"https:\/\/tbifrance.com\/wp-content\/uploads\/2025\/05\/Group-12.jpg\");background-position:center center;background-repeat:no-repeat;background-size:cover;}.elementor-widget-heading .elementor-heading-title{font-family:var( --e-global-typography-primary-font-family ), Sans-serif;font-weight:var( --e-global-typography-primary-font-weight );color:var( --e-global-color-primary );}.elementor-1750 .elementor-element.elementor-element-3171008 > .elementor-widget-container{margin:0px 0px 0px 0px;padding:0px 0px 0px 0px;}.elementor-1750 .elementor-element.elementor-element-3171008{text-align:center;}.elementor-1750 .elementor-element.elementor-element-3171008 .elementor-heading-title{font-family:\"Syne\", Sans-serif;font-size:50px;font-weight:600;text-transform:uppercase;color:#FFFFFF;}.elementor-1750 .elementor-element.elementor-element-a59ca6f{--display:flex;--flex-direction:column;--container-widget-width:100%;--container-widget-height:initial;--container-widget-flex-grow:0;--container-widget-align-self:initial;--flex-wrap-mobile:wrap;}.elementor-1750 .elementor-element.elementor-element-a59ca6f:not(.elementor-motion-effects-element-type-background), .elementor-1750 .elementor-element.elementor-element-a59ca6f > .elementor-motion-effects-container > .elementor-motion-effects-layer{background-color:var( --e-global-color-secondary );}.elementor-1750 .elementor-element.elementor-element-97529a5{--display:flex;--min-height:200px;--flex-direction:row;--container-widget-width:calc( ( 1 - var( --container-widget-flex-grow ) ) * 100% );--container-widget-height:100%;--container-widget-flex-grow:1;--container-widget-align-self:stretch;--flex-wrap-mobile:wrap;--justify-content:center;--align-items:center;--border-radius:50px 50px 50px 50px;--padding-top:50px;--padding-bottom:50px;--padding-left:50px;--padding-right:50px;}.elementor-1750 .elementor-element.elementor-element-97529a5:not(.elementor-motion-effects-element-type-background), .elementor-1750 .elementor-element.elementor-element-97529a5 > .elementor-motion-effects-container > .elementor-motion-effects-layer{background-color:#1C1A1A;}.elementor-widget-text-editor{font-family:var( --e-global-typography-text-font-family ), Sans-serif;font-weight:var( --e-global-typography-text-font-weight );color:var( --e-global-color-text );}.elementor-widget-text-editor.elementor-drop-cap-view-stacked .elementor-drop-cap{background-color:var( --e-global-color-primary );}.elementor-widget-text-editor.elementor-drop-cap-view-framed .elementor-drop-cap, .elementor-widget-text-editor.elementor-drop-cap-view-default .elementor-drop-cap{color:var( --e-global-color-primary );border-color:var( --e-global-color-primary );}.elementor-1750 .elementor-element.elementor-element-99383d4{font-family:\"Syne\", Sans-serif;font-size:18px;font-weight:400;}:root{--page-title-display:none;}@media(max-width:1024px){.elementor-1750 .elementor-element.elementor-element-3171008 .elementor-heading-title{font-size:35px;}}@media(max-width:767px){.elementor-1750 .elementor-element.elementor-element-da9b5e6{--margin-top:0px;--margin-bottom:0px;--margin-left:0px;--margin-right:0px;--padding-top:0px;--padding-bottom:10px;--padding-left:0px;--padding-right:0px;}.elementor-1750 .elementor-element.elementor-element-8f4e0eb{--min-height:200px;--padding-top:50px;--padding-bottom:50px;--padding-left:30px;--padding-right:30px;}.elementor-1750 .elementor-element.elementor-element-3171008{width:100%;max-width:100%;}.elementor-1750 .elementor-element.elementor-element-3171008 .elementor-heading-title{font-size:28px;}.elementor-1750 .elementor-element.elementor-element-97529a5{--padding-top:50px;--padding-bottom:50px;--padding-left:30px;--padding-right:30px;}}@media(min-width:1025px){.elementor-1750 .elementor-element.elementor-element-8f4e0eb:not(.elementor-motion-effects-element-type-background), .elementor-1750 .elementor-element.elementor-element-8f4e0eb > .elementor-motion-effects-container > .elementor-motion-effects-layer{background-attachment:scroll;}}<\/style>\t\t<div data-elementor-type=\"wp-page\" data-elementor-id=\"1750\" class=\"elementor elementor-1750\" data-elementor-post-type=\"page\">\n\t\t\t\t<div class=\"elementor-element elementor-element-da9b5e6 e-flex e-con-boxed e-con e-parent\" data-id=\"da9b5e6\" data-element_type=\"container\" data-settings=\"{&quot;background_background&quot;:&quot;classic&quot;}\">\n\t\t\t\t\t<div class=\"e-con-inner\">\n\t\t<div class=\"elementor-element elementor-element-8f4e0eb e-con-full e-flex e-con e-child\" data-id=\"8f4e0eb\" data-element_type=\"container\" data-settings=\"{&quot;background_background&quot;:&quot;classic&quot;}\">\n\t\t\t\t<div class=\"elementor-element elementor-element-3171008 elementor-widget-mobile__width-inherit elementor-widget elementor-widget-heading\" data-id=\"3171008\" data-element_type=\"widget\" data-widget_type=\"heading.default\">\n\t\t\t\t<div class=\"elementor-widget-container\">\n\t\t\t\t\t<h2 class=\"elementor-heading-title elementor-size-default\">Politique de cookies<\/h2>\t\t\t\t<\/div>\n\t\t\t\t<\/div>\n\t\t\t\t<\/div>\n\t\t\t\t\t<\/div>\n\t\t\t\t<\/div>\n\t\t<div class=\"elementor-element elementor-element-a59ca6f e-flex e-con-boxed e-con e-parent\" data-id=\"a59ca6f\" data-element_type=\"container\" data-settings=\"{&quot;background_background&quot;:&quot;classic&quot;}\">\n\t\t\t\t\t<div class=\"e-con-inner\">\n\t\t<div class=\"elementor-element elementor-element-97529a5 e-con-full e-flex e-con e-child\" data-id=\"97529a5\" data-element_type=\"container\" data-settings=\"{&quot;background_background&quot;:&quot;classic&quot;}\">\n\t\t\t\t<div class=\"elementor-element elementor-element-99383d4 elementor-widget elementor-widget-text-editor\" data-id=\"99383d4\" data-element_type=\"widget\" data-widget_type=\"text-editor.default\">\n\t\t\t\t<div class=\"elementor-widget-container\">\n\t\t\t\t\t\t\t\t\t<p class=\"translation-block\">Derni\u00e8re mise \u00e0 jour : 9 mai 2025<\/p><p class=\"translation-block\">Le site www.tbifrance.com utilise des cookies pour am\u00e9liorer l\u2019exp\u00e9rience utilisateur et mesurer la performance du site. Cette politique vous explique comment nous les utilisons et comment vous pouvez les g\u00e9rer.<\/p><h3>1. <strong>Qu\u2019est-ce qu\u2019un cookie ?<\/strong><\/h3><p>Un cookie est un petit fichier texte d\u00e9pos\u00e9 sur votre terminal (ordinateur, tablette, smartphone\u2026) lors de la consultation d\u2019un site web. Il permet notamment de collecter des informations sur votre navigation \u00e0 des fins de fonctionnement, de statistiques ou de personnalisation.<\/p><h3>2. <strong>Quels types de cookies utilisons-nous ?<\/strong><\/h3><h3 class=\"translation-block\">a) Cookies strictement n\u00e9cessaires (techniques)<\/h3><p>Ces cookies sont indispensables au bon fonctionnement du site (ex. : gestion de session, s\u00e9curit\u00e9\u2026).<\/p><p>Ils ne n\u00e9cessitent pas votre consentement.<\/p><h3 class=\"translation-block\">b) Cookies de mesure d\u2019audience (Google Analytics)<\/h3><p>Ces cookies nous permettent d\u2019analyser la fr\u00e9quentation et l\u2019utilisation du site (pages consult\u00e9es, dur\u00e9e de visite, provenance\u2026).<\/p><p class=\"translation-block\">Ces cookies sont d\u00e9pos\u00e9s uniquement apr\u00e8s votre consentement explicite via la banni\u00e8re pr\u00e9vue \u00e0 cet effet.<\/p><p class=\"translation-block\">Outil utilis\u00e9 : Google Analytics (param\u00e9tr\u00e9 pour anonymiser partiellement les adresses IP, conform\u00e9ment aux recommandations CNIL).<\/p><h3>3. <strong>Dur\u00e9e de conservation des cookies<\/strong><\/h3><p class=\"translation-block\">Les cookies de mesure d\u2019audience sont conserv\u00e9s pendant une dur\u00e9e maximale de 13 mois \u00e0 compter de leur d\u00e9p\u00f4t sur votre terminal.<\/p><h3>4. <strong>Gestion du consentement<\/strong><\/h3><p>Lors de votre premi\u00e8re visite, un bandeau vous informe de l\u2019usage de cookies. Vous pouvez :<\/p><ul><li>Accepter ou refuser tout ou partie des cookies<\/li><li>Modifier vos pr\u00e9f\u00e9rences \u00e0 tout moment via un lien \u201cGestion des cookies\u201d disponible en bas de page<\/li><\/ul><h3>5. <strong>Contact<\/strong><\/h3><p>Pour toute question sur notre politique de cookies, vous pouvez nous contacter \u00e0 :<\/p><p>\ud83d\udce7 <a href=\"mailto:contact@tbifrance.com\">contact@tbifrance.com<\/a><\/p><p><!-- notionvc: b5723582-140e-4780-ba19-6eabbec953db --><\/p>\t\t\t\t\t\t\t\t<\/div>\n\t\t\t\t<\/div>\n\t\t\t\t<\/div>\n\t\t\t\t\t<\/div>\n\t\t\t\t<\/div>\n\t\t\t\t<\/div>\n\t\t\n    <div class=\"xs_social_share_widget xs_share_url after_content \t\tmain_content  wslu-style-1 wslu-share-box-shaped wslu-fill-colored wslu-none wslu-share-horizontal wslu-theme-font-no wslu-main_content\">\n\n\t\t\n        <ul>\n\t\t\t        <\/ul>\n    <\/div>","protected":false},"excerpt":{"rendered":"<p>cookie policy Last updated: May 9, 2025 The website www.tbifrance.com uses cookies to enhance user experience and measure site performance. This policy explains how cookies are used and how you can manage them. 1. What is a cookie? A cookie is a small text file stored on your device (computer, tablet, smartphone, etc.) when visiting [&hellip;]<\/p>","protected":false},"author":3,"featured_media":0,"parent":0,"menu_order":0,"comment_status":"closed","ping_status":"closed","template":"elementor_header_footer","meta":{"footnotes":""},"class_list":["post-1750","page","type-page","status-publish","hentry"],"yoast_head":"<!-- This site is optimized with the Yoast SEO plugin v26.6 - https:\/\/yoast.com\/wordpress\/plugins\/seo\/ -->\n<title>Cookie Policy - Trans Business International<\/title>\n<meta name=\"robots\" content=\"index, follow, max-snippet:-1, max-image-preview:large, max-video-preview:-1\" \/>\n<link rel=\"canonical\" href=\"https:\/\/tbifrance.com\/fr\/cookie-policy\/\" \/>\n<meta property=\"og:locale\" content=\"fr_FR\" \/>\n<meta property=\"og:type\" content=\"article\" \/>\n<meta property=\"og:title\" content=\"Cookie Policy - Trans Business International\" \/>\n<meta property=\"og:description\" content=\"cookie policy Last updated: May 9, 2025 The website www.tbifrance.com uses cookies to enhance user experience and measure site performance. This policy explains how cookies are used and how you can manage them. 1. What is a cookie? A cookie is a small text file stored on your device (computer, tablet, smartphone, etc.) when visiting [&hellip;]\" \/>\n<meta property=\"og:url\" content=\"https:\/\/tbifrance.com\/fr\/cookie-policy\/\" \/>\n<meta property=\"og:site_name\" content=\"Trans Business International\" \/>\n<meta property=\"article:modified_time\" content=\"2025-06-18T10:54:55+00:00\" \/>\n<meta name=\"twitter:card\" content=\"summary_large_image\" \/>\n<meta name=\"twitter:label1\" content=\"Dur\u00e9e de lecture estim\u00e9e\" \/>\n\t<meta name=\"twitter:data1\" content=\"1 minute\" \/>\n<script type=\"application\/ld+json\" class=\"yoast-schema-graph\">{\"@context\":\"https:\/\/schema.org\",\"@graph\":[{\"@type\":\"WebPage\",\"@id\":\"https:\/\/tbifrance.com\/cookie-policy\/\",\"url\":\"https:\/\/tbifrance.com\/cookie-policy\/\",\"name\":\"Cookie Policy - Trans Business International\",\"isPartOf\":{\"@id\":\"https:\/\/tbifrance.com\/#website\"},\"datePublished\":\"2025-06-18T10:33:49+00:00\",\"dateModified\":\"2025-06-18T10:54:55+00:00\",\"breadcrumb\":{\"@id\":\"https:\/\/tbifrance.com\/cookie-policy\/#breadcrumb\"},\"inLanguage\":\"fr-FR\",\"potentialAction\":[{\"@type\":\"ReadAction\",\"target\":[\"https:\/\/tbifrance.com\/cookie-policy\/\"]}]},{\"@type\":\"BreadcrumbList\",\"@id\":\"https:\/\/tbifrance.com\/cookie-policy\/#breadcrumb\",\"itemListElement\":[{\"@type\":\"ListItem\",\"position\":1,\"name\":\"Home\",\"item\":\"https:\/\/tbifrance.com\/\"},{\"@type\":\"ListItem\",\"position\":2,\"name\":\"Cookie Policy\"}]},{\"@type\":\"WebSite\",\"@id\":\"https:\/\/tbifrance.com\/#website\",\"url\":\"https:\/\/tbifrance.com\/\",\"name\":\"Trans Business International\",\"description\":\"Everytime, Everywhere, Anywhere\",\"publisher\":{\"@id\":\"https:\/\/tbifrance.com\/#organization\"},\"potentialAction\":[{\"@type\":\"SearchAction\",\"target\":{\"@type\":\"EntryPoint\",\"urlTemplate\":\"https:\/\/tbifrance.com\/?s={search_term_string}\"},\"query-input\":{\"@type\":\"PropertyValueSpecification\",\"valueRequired\":true,\"valueName\":\"search_term_string\"}}],\"inLanguage\":\"fr-FR\"},{\"@type\":\"Organization\",\"@id\":\"https:\/\/tbifrance.com\/#organization\",\"name\":\"Trans Business International\",\"url\":\"https:\/\/tbifrance.com\/\",\"logo\":{\"@type\":\"ImageObject\",\"inLanguage\":\"fr-FR\",\"@id\":\"https:\/\/tbifrance.com\/#\/schema\/logo\/image\/\",\"url\":\"https:\/\/tbifrance.com\/wp-content\/uploads\/2025\/05\/logo-BLANC_Plan-de-travail-1-1-1.png\",\"contentUrl\":\"https:\/\/tbifrance.com\/wp-content\/uploads\/2025\/05\/logo-BLANC_Plan-de-travail-1-1-1.png\",\"width\":573,\"height\":307,\"caption\":\"Trans Business International\"},\"image\":{\"@id\":\"https:\/\/tbifrance.com\/#\/schema\/logo\/image\/\"}}]}<\/script>\n<!-- \/ Yoast SEO plugin. -->","yoast_head_json":{"title":"Cookie Policy - Trans Business International","robots":{"index":"index","follow":"follow","max-snippet":"max-snippet:-1","max-image-preview":"max-image-preview:large","max-video-preview":"max-video-preview:-1"},"canonical":"https:\/\/tbifrance.com\/fr\/cookie-policy\/","og_locale":"fr_FR","og_type":"article","og_title":"Cookie Policy - Trans Business International","og_description":"cookie policy Last updated: May 9, 2025 The website www.tbifrance.com uses cookies to enhance user experience and measure site performance. This policy explains how cookies are used and how you can manage them. 1. What is a cookie? A cookie is a small text file stored on your device (computer, tablet, smartphone, etc.) when visiting [&hellip;]","og_url":"https:\/\/tbifrance.com\/fr\/cookie-policy\/","og_site_name":"Trans Business International","article_modified_time":"2025-06-18T10:54:55+00:00","twitter_card":"summary_large_image","twitter_misc":{"Dur\u00e9e de lecture estim\u00e9e":"1 minute"},"schema":{"@context":"https:\/\/schema.org","@graph":[{"@type":"WebPage","@id":"https:\/\/tbifrance.com\/cookie-policy\/","url":"https:\/\/tbifrance.com\/cookie-policy\/","name":"Cookie Policy - Trans Business International","isPartOf":{"@id":"https:\/\/tbifrance.com\/#website"},"datePublished":"2025-06-18T10:33:49+00:00","dateModified":"2025-06-18T10:54:55+00:00","breadcrumb":{"@id":"https:\/\/tbifrance.com\/cookie-policy\/#breadcrumb"},"inLanguage":"fr-FR","potentialAction":[{"@type":"ReadAction","target":["https:\/\/tbifrance.com\/cookie-policy\/"]}]},{"@type":"BreadcrumbList","@id":"https:\/\/tbifrance.com\/cookie-policy\/#breadcrumb","itemListElement":[{"@type":"ListItem","position":1,"name":"Home","item":"https:\/\/tbifrance.com\/"},{"@type":"ListItem","position":2,"name":"Cookie Policy"}]},{"@type":"WebSite","@id":"https:\/\/tbifrance.com\/#website","url":"https:\/\/tbifrance.com\/","name":"Trans Business International","description":"Everytime, Everywhere, Anywhere","publisher":{"@id":"https:\/\/tbifrance.com\/#organization"},"potentialAction":[{"@type":"SearchAction","target":{"@type":"EntryPoint","urlTemplate":"https:\/\/tbifrance.com\/?s={search_term_string}"},"query-input":{"@type":"PropertyValueSpecification","valueRequired":true,"valueName":"search_term_string"}}],"inLanguage":"fr-FR"},{"@type":"Organization","@id":"https:\/\/tbifrance.com\/#organization","name":"Trans Business International","url":"https:\/\/tbifrance.com\/","logo":{"@type":"ImageObject","inLanguage":"fr-FR","@id":"https:\/\/tbifrance.com\/#\/schema\/logo\/image\/","url":"https:\/\/tbifrance.com\/wp-content\/uploads\/2025\/05\/logo-BLANC_Plan-de-travail-1-1-1.png","contentUrl":"https:\/\/tbifrance.com\/wp-content\/uploads\/2025\/05\/logo-BLANC_Plan-de-travail-1-1-1.png","width":573,"height":307,"caption":"Trans Business International"},"image":{"@id":"https:\/\/tbifrance.com\/#\/schema\/logo\/image\/"}}]}},"_links":{"self":[{"href":"https:\/\/tbifrance.com\/fr\/wp-json\/wp\/v2\/pages\/1750","targetHints":{"allow":["GET"]}}],"collection":[{"href":"https:\/\/tbifrance.com\/fr\/wp-json\/wp\/v2\/pages"}],"about":[{"href":"https:\/\/tbifrance.com\/fr\/wp-json\/wp\/v2\/types\/page"}],"author":[{"embeddable":true,"href":"https:\/\/tbifrance.com\/fr\/wp-json\/wp\/v2\/users\/3"}],"replies":[{"embeddable":true,"href":"https:\/\/tbifrance.com\/fr\/wp-json\/wp\/v2\/comments?post=1750"}],"version-history":[{"count":10,"href":"https:\/\/tbifrance.com\/fr\/wp-json\/wp\/v2\/pages\/1750\/revisions"}],"predecessor-version":[{"id":1761,"href":"https:\/\/tbifrance.com\/fr\/wp-json\/wp\/v2\/pages\/1750\/revisions\/1761"}],"wp:attachment":[{"href":"https:\/\/tbifrance.com\/fr\/wp-json\/wp\/v2\/media?parent=1750"}],"curies":[{"name":"wp","href":"https:\/\/api.w.org\/{rel}","templated":true}]}}