{"id":1433,"date":"2025-05-17T11:54:35","date_gmt":"2025-05-17T11:54:35","guid":{"rendered":"https:\/\/tbi.uca.icu\/?page_id=1433"},"modified":"2025-05-17T15:23:57","modified_gmt":"2025-05-17T15:23:57","slug":"privacy-policy","status":"publish","type":"page","link":"https:\/\/tbifrance.com\/fr\/privacy-policy\/","title":{"rendered":"Politique de confidentialit\u00e9"},"content":{"rendered":"<style>.elementor-1433 .elementor-element.elementor-element-da9b5e6{--display:flex;--flex-direction:column;--container-widget-width:100%;--container-widget-height:initial;--container-widget-flex-grow:0;--container-widget-align-self:initial;--flex-wrap-mobile:wrap;--padding-top:50px;--padding-bottom:50px;--padding-left:0px;--padding-right:0px;}.elementor-1433 .elementor-element.elementor-element-da9b5e6:not(.elementor-motion-effects-element-type-background), .elementor-1433 .elementor-element.elementor-element-da9b5e6 > .elementor-motion-effects-container > .elementor-motion-effects-layer{background-color:#000000;}.elementor-1433 .elementor-element.elementor-element-8f4e0eb{--display:flex;--min-height:300px;--flex-direction:row;--container-widget-width:calc( ( 1 - var( --container-widget-flex-grow ) ) * 100% );--container-widget-height:100%;--container-widget-flex-grow:1;--container-widget-align-self:stretch;--flex-wrap-mobile:wrap;--justify-content:center;--align-items:center;--border-radius:50px 50px 50px 50px;--padding-top:50px;--padding-bottom:50px;--padding-left:50px;--padding-right:50px;}.elementor-1433 .elementor-element.elementor-element-8f4e0eb:not(.elementor-motion-effects-element-type-background), .elementor-1433 .elementor-element.elementor-element-8f4e0eb > .elementor-motion-effects-container > .elementor-motion-effects-layer{background-color:#1C1A1A;background-image:url(\"https:\/\/tbifrance.com\/wp-content\/uploads\/2025\/05\/pexels-mike-192364-1.png\");background-position:center center;background-repeat:no-repeat;background-size:cover;}.elementor-widget-heading .elementor-heading-title{font-family:var( --e-global-typography-primary-font-family ), Sans-serif;font-weight:var( --e-global-typography-primary-font-weight );color:var( --e-global-color-primary );}.elementor-1433 .elementor-element.elementor-element-3171008 > .elementor-widget-container{margin:0px 0px 0px 0px;padding:0px 0px 0px 0px;}.elementor-1433 .elementor-element.elementor-element-3171008{text-align:center;}.elementor-1433 .elementor-element.elementor-element-3171008 .elementor-heading-title{font-family:\"Syne\", Sans-serif;font-size:50px;font-weight:600;text-transform:uppercase;color:#FFFFFF;}.elementor-1433 .elementor-element.elementor-element-a59ca6f{--display:flex;--flex-direction:column;--container-widget-width:100%;--container-widget-height:initial;--container-widget-flex-grow:0;--container-widget-align-self:initial;--flex-wrap-mobile:wrap;}.elementor-1433 .elementor-element.elementor-element-a59ca6f:not(.elementor-motion-effects-element-type-background), .elementor-1433 .elementor-element.elementor-element-a59ca6f > .elementor-motion-effects-container > .elementor-motion-effects-layer{background-color:var( --e-global-color-secondary );}.elementor-1433 .elementor-element.elementor-element-97529a5{--display:flex;--min-height:200px;--flex-direction:row;--container-widget-width:calc( ( 1 - var( --container-widget-flex-grow ) ) * 100% );--container-widget-height:100%;--container-widget-flex-grow:1;--container-widget-align-self:stretch;--flex-wrap-mobile:wrap;--justify-content:center;--align-items:center;--border-radius:50px 50px 50px 50px;--padding-top:50px;--padding-bottom:50px;--padding-left:50px;--padding-right:50px;}.elementor-1433 .elementor-element.elementor-element-97529a5:not(.elementor-motion-effects-element-type-background), .elementor-1433 .elementor-element.elementor-element-97529a5 > .elementor-motion-effects-container > .elementor-motion-effects-layer{background-color:#1C1A1A;}.elementor-widget-text-editor{font-family:var( --e-global-typography-text-font-family ), Sans-serif;font-weight:var( --e-global-typography-text-font-weight );color:var( --e-global-color-text );}.elementor-widget-text-editor.elementor-drop-cap-view-stacked .elementor-drop-cap{background-color:var( --e-global-color-primary );}.elementor-widget-text-editor.elementor-drop-cap-view-framed .elementor-drop-cap, .elementor-widget-text-editor.elementor-drop-cap-view-default .elementor-drop-cap{color:var( --e-global-color-primary );border-color:var( --e-global-color-primary );}.elementor-1433 .elementor-element.elementor-element-99383d4{font-family:\"Syne\", Sans-serif;font-size:18px;font-weight:400;}:root{--page-title-display:none;}@media(max-width:1024px){.elementor-1433 .elementor-element.elementor-element-3171008 .elementor-heading-title{font-size:35px;}}@media(max-width:767px){.elementor-1433 .elementor-element.elementor-element-da9b5e6{--margin-top:0px;--margin-bottom:0px;--margin-left:0px;--margin-right:0px;--padding-top:0px;--padding-bottom:10px;--padding-left:0px;--padding-right:0px;}.elementor-1433 .elementor-element.elementor-element-8f4e0eb{--min-height:200px;--padding-top:50px;--padding-bottom:50px;--padding-left:0px;--padding-right:0px;}.elementor-1433 .elementor-element.elementor-element-3171008{width:100%;max-width:100%;}.elementor-1433 .elementor-element.elementor-element-3171008 .elementor-heading-title{font-size:28px;line-height:1.2em;}.elementor-1433 .elementor-element.elementor-element-97529a5{--padding-top:50px;--padding-bottom:50px;--padding-left:30px;--padding-right:30px;}.elementor-1433 .elementor-element.elementor-element-99383d4{font-size:16px;}}@media(min-width:1025px){.elementor-1433 .elementor-element.elementor-element-8f4e0eb:not(.elementor-motion-effects-element-type-background), .elementor-1433 .elementor-element.elementor-element-8f4e0eb > .elementor-motion-effects-container > .elementor-motion-effects-layer{background-attachment:scroll;}}<\/style>\t\t<div data-elementor-type=\"wp-page\" data-elementor-id=\"1433\" class=\"elementor elementor-1433\" data-elementor-post-type=\"page\">\n\t\t\t\t<div class=\"elementor-element elementor-element-da9b5e6 e-flex e-con-boxed e-con e-parent\" data-id=\"da9b5e6\" data-element_type=\"container\" data-settings=\"{&quot;background_background&quot;:&quot;classic&quot;}\">\n\t\t\t\t\t<div class=\"e-con-inner\">\n\t\t<div class=\"elementor-element elementor-element-8f4e0eb e-con-full e-flex e-con e-child\" data-id=\"8f4e0eb\" data-element_type=\"container\" data-settings=\"{&quot;background_background&quot;:&quot;classic&quot;}\">\n\t\t\t\t<div class=\"elementor-element elementor-element-3171008 elementor-widget-mobile__width-inherit elementor-widget elementor-widget-heading\" data-id=\"3171008\" data-element_type=\"widget\" data-widget_type=\"heading.default\">\n\t\t\t\t<div class=\"elementor-widget-container\">\n\t\t\t\t\t<h2 class=\"elementor-heading-title elementor-size-default\">Politique de confidentialit\u00e9<\/h2>\t\t\t\t<\/div>\n\t\t\t\t<\/div>\n\t\t\t\t<\/div>\n\t\t\t\t\t<\/div>\n\t\t\t\t<\/div>\n\t\t<div class=\"elementor-element elementor-element-a59ca6f e-flex e-con-boxed e-con e-parent\" data-id=\"a59ca6f\" data-element_type=\"container\" data-settings=\"{&quot;background_background&quot;:&quot;classic&quot;}\">\n\t\t\t\t\t<div class=\"e-con-inner\">\n\t\t<div class=\"elementor-element elementor-element-97529a5 e-con-full e-flex e-con e-child\" data-id=\"97529a5\" data-element_type=\"container\" data-settings=\"{&quot;background_background&quot;:&quot;classic&quot;}\">\n\t\t\t\t<div class=\"elementor-element elementor-element-99383d4 elementor-widget elementor-widget-text-editor\" data-id=\"99383d4\" data-element_type=\"widget\" data-widget_type=\"text-editor.default\">\n\t\t\t\t<div class=\"elementor-widget-container\">\n\t\t\t\t\t\t\t\t\t<p class=\"translation-block\">Derni\u00e8re mise \u00e0 jour : 9 mai 2025<\/p><h3>1. <strong>Introduction<\/strong><\/h3><p>TBI (Trans Business International) s\u2019engage \u00e0 prot\u00e9ger vos donn\u00e9es personnelles conform\u00e9ment au R\u00e8glement G\u00e9n\u00e9ral sur la Protection des Donn\u00e9es (RGPD \u2013 UE 2016\/679) et \u00e0 la l\u00e9gislation fran\u00e7aise en vigueur.<\/p><p>Cette politique vous informe sur la nature des donn\u00e9es collect\u00e9es, leur traitement, vos droits, et la mani\u00e8re dont vous pouvez les exercer.<\/p><h3>2. <strong>Responsable du traitement<\/strong><\/h3><p>Le responsable du traitement est :<\/p><p><strong>Trans Business International (TBI)<\/strong><\/p><p>SARL \u2013 16 avenue du Valquiou, 93290 Tremblay-en-France<\/p><p>\ud83d\udce7 <a href=\"mailto:contact@tbifrance.com\">contact@tbifrance.com<\/a><\/p><h3>3. <strong>Donn\u00e9es collect\u00e9es<\/strong><\/h3><p>Nous collectons uniquement les donn\u00e9es strictement n\u00e9cessaires, via notre site internet.<\/p><h3 class=\"translation-block\">a) Formulaires de contact \/ inscription<\/h3><ul><li><p>Nom, pr\u00e9nom<\/p><\/li><li><p>Adresse e-mail<\/p><\/li><li><p>Num\u00e9ro de t\u00e9l\u00e9phone (si fourni)<\/p><\/li><li><p>Message \/ demande<\/p><p><em>(to be confirmed)<\/em><\/p><\/li><\/ul><h3 class=\"translation-block\">b) Cookies et outils de mesure d\u2019audience<\/h3><ul><li>Donn\u00e9es de navigation (pages vues, dur\u00e9e, g\u00e9olocalisation approximative, etc.)<\/li><li>Tools used: Google Analytics (and potentially advertising pixels)<\/li><\/ul><h3>4. <strong>Finalit\u00e9s du traitement<\/strong><\/h3><p>Vos donn\u00e9es sont collect\u00e9es pour :<\/p><ul><li>R\u00e9pondre \u00e0 vos demandes de contact ou de devis<\/li><li>G\u00e9rer la relation client et commerciale<\/li><li>Mesurer la performance du site (analyse de trafic, optimisation UX)<\/li><li>Vous informer sur nos services et \u00e9v\u00e9nements, si vous y avez consenti<\/li><\/ul><h3>5. <strong>Base l\u00e9gale<\/strong><\/h3><p>Le traitement est fond\u00e9 sur :<\/p><ul><li>L\u2019ex\u00e9cution d\u2019un contrat ou de mesures pr\u00e9contractuelles (formulaire)<\/li><li>L\u2019int\u00e9r\u00eat l\u00e9gitime de TBI \u00e0 d\u00e9velopper sa relation client<\/li><li>Le consentement (pour les cookies et les communications marketing)<\/li><\/ul><h3>6. <strong>Dur\u00e9e de conservation<\/strong><\/h3><ul><li class=\"translation-block\">Donn\u00e9es issues du formulaire : 12 mois maximum apr\u00e8s le dernier contact<\/li><li class=\"translation-block\">Donn\u00e9es analytiques (cookies) : 13 mois maximum<\/li><li class=\"translation-block\">Donn\u00e9es clients (si devis ou relation commerciale engag\u00e9e) : 5 ans<\/li><\/ul><h3>7. <strong>Destinataires des donn\u00e9es<\/strong><\/h3><p>Vos donn\u00e9es sont trait\u00e9es uniquement par TBI et ses prestataires techniques habilit\u00e9s (h\u00e9bergeur, agence web, CRM).<\/p><p class=\"translation-block\">Elles ne sont ni vendues ni c\u00e9d\u00e9es \u00e0 des tiers \u00e0 des fins commerciales.<\/p><h3>8. <strong>S\u00e9curit\u00e9<\/strong><\/h3><p>TBI met en \u0153uvre toutes les mesures techniques et organisationnelles raisonnables pour garantir la s\u00e9curit\u00e9 de vos donn\u00e9es (protocole SSL, acc\u00e8s restreint, h\u00e9bergement s\u00e9curis\u00e9 chez OVH, etc.)<\/p><h3>9. <strong>Vos droits<\/strong><\/h3><p>Vous disposez des droits suivants :<\/p><ul><li>Acc\u00e8s, rectification, suppression de vos donn\u00e9es<\/li><li>Limitation ou opposition au traitement<\/li><li>Portabilit\u00e9 des donn\u00e9es (si applicable)<\/li><li>R\u00e9clamation aupr\u00e8s de la CNIL (<a href=\"http:\/\/www.cnil.fr\/\">www.cnil.fr<\/a>)<\/li><\/ul><p>Pour exercer vos droits : envoyez un e-mail \u00e0 <a href=\"mailto:contact@tbifrance.com\">contact@tbifrance.com<\/a> avec justificatif d\u2019identit\u00e9.<\/p><h3>10. <strong>Cookies<\/strong><\/h3><p>Lors de votre visite, des cookies peuvent \u00eatre d\u00e9pos\u00e9s sur votre terminal (traceurs techniques, analytiques ou marketing).<\/p><h3>Vous pouvez :<\/h3><ul><li>Accepter ou refuser tout ou partie des cookies via la banni\u00e8re de consentement<\/li><li>G\u00e9rer vos pr\u00e9f\u00e9rences dans votre navigateur ou en cliquant sur \u201cParam\u00e9trer les cookies\u201d en bas du site<\/li><\/ul><p>For more details, see our [Cookie Policy].<\/p><p><!-- notionvc: 1f60e961-f05d-4d23-bbfb-a219b3db630f --><\/p>\t\t\t\t\t\t\t\t<\/div>\n\t\t\t\t<\/div>\n\t\t\t\t<\/div>\n\t\t\t\t\t<\/div>\n\t\t\t\t<\/div>\n\t\t\t\t<\/div>\n\t\t\n    <div class=\"xs_social_share_widget xs_share_url after_content \t\tmain_content  wslu-style-1 wslu-share-box-shaped wslu-fill-colored wslu-none wslu-share-horizontal wslu-theme-font-no wslu-main_content\">\n\n\t\t\n        <ul>\n\t\t\t        <\/ul>\n    <\/div>","protected":false},"excerpt":{"rendered":"<p>Privacy Policy Last updated: May 9, 2025 1. Introduction Trans Business International (TBI) is committed to protecting your personal data in accordance with the General Data Protection Regulation (GDPR \u2013 EU 2016\/679) and applicable French law. This policy outlines what personal data we collect, how it is processed, your rights, and how you can exercise [&hellip;]<\/p>","protected":false},"author":3,"featured_media":0,"parent":0,"menu_order":0,"comment_status":"closed","ping_status":"closed","template":"elementor_header_footer","meta":{"footnotes":""},"class_list":["post-1433","page","type-page","status-publish","hentry"],"yoast_head":"<!-- This site is optimized with the Yoast SEO plugin v26.6 - https:\/\/yoast.com\/wordpress\/plugins\/seo\/ -->\n<title>Privacy Policy - Trans Business International<\/title>\n<meta name=\"robots\" content=\"index, follow, max-snippet:-1, max-image-preview:large, max-video-preview:-1\" \/>\n<link rel=\"canonical\" href=\"https:\/\/tbifrance.com\/fr\/privacy-policy\/\" \/>\n<meta property=\"og:locale\" content=\"fr_FR\" \/>\n<meta property=\"og:type\" content=\"article\" \/>\n<meta property=\"og:title\" content=\"Privacy Policy - Trans Business International\" \/>\n<meta property=\"og:description\" content=\"Privacy Policy Last updated: May 9, 2025 1. Introduction Trans Business International (TBI) is committed to protecting your personal data in accordance with the General Data Protection Regulation (GDPR \u2013 EU 2016\/679) and applicable French law. This policy outlines what personal data we collect, how it is processed, your rights, and how you can exercise [&hellip;]\" \/>\n<meta property=\"og:url\" content=\"https:\/\/tbifrance.com\/fr\/privacy-policy\/\" \/>\n<meta property=\"og:site_name\" content=\"Trans Business International\" \/>\n<meta property=\"article:modified_time\" content=\"2025-05-17T15:23:57+00:00\" \/>\n<meta name=\"twitter:card\" content=\"summary_large_image\" \/>\n<meta name=\"twitter:label1\" content=\"Dur\u00e9e de lecture estim\u00e9e\" \/>\n\t<meta name=\"twitter:data1\" content=\"2 minutes\" \/>\n<script type=\"application\/ld+json\" class=\"yoast-schema-graph\">{\"@context\":\"https:\/\/schema.org\",\"@graph\":[{\"@type\":\"WebPage\",\"@id\":\"https:\/\/tbifrance.com\/privacy-policy\/\",\"url\":\"https:\/\/tbifrance.com\/privacy-policy\/\",\"name\":\"Privacy Policy - Trans Business International\",\"isPartOf\":{\"@id\":\"https:\/\/tbifrance.com\/#website\"},\"datePublished\":\"2025-05-17T11:54:35+00:00\",\"dateModified\":\"2025-05-17T15:23:57+00:00\",\"breadcrumb\":{\"@id\":\"https:\/\/tbifrance.com\/privacy-policy\/#breadcrumb\"},\"inLanguage\":\"fr-FR\",\"potentialAction\":[{\"@type\":\"ReadAction\",\"target\":[\"https:\/\/tbifrance.com\/privacy-policy\/\"]}]},{\"@type\":\"BreadcrumbList\",\"@id\":\"https:\/\/tbifrance.com\/privacy-policy\/#breadcrumb\",\"itemListElement\":[{\"@type\":\"ListItem\",\"position\":1,\"name\":\"Home\",\"item\":\"https:\/\/tbifrance.com\/\"},{\"@type\":\"ListItem\",\"position\":2,\"name\":\"Privacy Policy\"}]},{\"@type\":\"WebSite\",\"@id\":\"https:\/\/tbifrance.com\/#website\",\"url\":\"https:\/\/tbifrance.com\/\",\"name\":\"Trans Business International\",\"description\":\"Everytime, Everywhere, Anywhere\",\"publisher\":{\"@id\":\"https:\/\/tbifrance.com\/#organization\"},\"potentialAction\":[{\"@type\":\"SearchAction\",\"target\":{\"@type\":\"EntryPoint\",\"urlTemplate\":\"https:\/\/tbifrance.com\/?s={search_term_string}\"},\"query-input\":{\"@type\":\"PropertyValueSpecification\",\"valueRequired\":true,\"valueName\":\"search_term_string\"}}],\"inLanguage\":\"fr-FR\"},{\"@type\":\"Organization\",\"@id\":\"https:\/\/tbifrance.com\/#organization\",\"name\":\"Trans Business International\",\"url\":\"https:\/\/tbifrance.com\/\",\"logo\":{\"@type\":\"ImageObject\",\"inLanguage\":\"fr-FR\",\"@id\":\"https:\/\/tbifrance.com\/#\/schema\/logo\/image\/\",\"url\":\"https:\/\/tbifrance.com\/wp-content\/uploads\/2025\/05\/logo-BLANC_Plan-de-travail-1-1-1.png\",\"contentUrl\":\"https:\/\/tbifrance.com\/wp-content\/uploads\/2025\/05\/logo-BLANC_Plan-de-travail-1-1-1.png\",\"width\":573,\"height\":307,\"caption\":\"Trans Business International\"},\"image\":{\"@id\":\"https:\/\/tbifrance.com\/#\/schema\/logo\/image\/\"}}]}<\/script>\n<!-- \/ Yoast SEO plugin. -->","yoast_head_json":{"title":"Privacy Policy - Trans Business International","robots":{"index":"index","follow":"follow","max-snippet":"max-snippet:-1","max-image-preview":"max-image-preview:large","max-video-preview":"max-video-preview:-1"},"canonical":"https:\/\/tbifrance.com\/fr\/privacy-policy\/","og_locale":"fr_FR","og_type":"article","og_title":"Privacy Policy - Trans Business International","og_description":"Privacy Policy Last updated: May 9, 2025 1. Introduction Trans Business International (TBI) is committed to protecting your personal data in accordance with the General Data Protection Regulation (GDPR \u2013 EU 2016\/679) and applicable French law. This policy outlines what personal data we collect, how it is processed, your rights, and how you can exercise [&hellip;]","og_url":"https:\/\/tbifrance.com\/fr\/privacy-policy\/","og_site_name":"Trans Business International","article_modified_time":"2025-05-17T15:23:57+00:00","twitter_card":"summary_large_image","twitter_misc":{"Dur\u00e9e de lecture estim\u00e9e":"2 minutes"},"schema":{"@context":"https:\/\/schema.org","@graph":[{"@type":"WebPage","@id":"https:\/\/tbifrance.com\/privacy-policy\/","url":"https:\/\/tbifrance.com\/privacy-policy\/","name":"Privacy Policy - Trans Business International","isPartOf":{"@id":"https:\/\/tbifrance.com\/#website"},"datePublished":"2025-05-17T11:54:35+00:00","dateModified":"2025-05-17T15:23:57+00:00","breadcrumb":{"@id":"https:\/\/tbifrance.com\/privacy-policy\/#breadcrumb"},"inLanguage":"fr-FR","potentialAction":[{"@type":"ReadAction","target":["https:\/\/tbifrance.com\/privacy-policy\/"]}]},{"@type":"BreadcrumbList","@id":"https:\/\/tbifrance.com\/privacy-policy\/#breadcrumb","itemListElement":[{"@type":"ListItem","position":1,"name":"Home","item":"https:\/\/tbifrance.com\/"},{"@type":"ListItem","position":2,"name":"Privacy Policy"}]},{"@type":"WebSite","@id":"https:\/\/tbifrance.com\/#website","url":"https:\/\/tbifrance.com\/","name":"Trans Business International","description":"Everytime, Everywhere, Anywhere","publisher":{"@id":"https:\/\/tbifrance.com\/#organization"},"potentialAction":[{"@type":"SearchAction","target":{"@type":"EntryPoint","urlTemplate":"https:\/\/tbifrance.com\/?s={search_term_string}"},"query-input":{"@type":"PropertyValueSpecification","valueRequired":true,"valueName":"search_term_string"}}],"inLanguage":"fr-FR"},{"@type":"Organization","@id":"https:\/\/tbifrance.com\/#organization","name":"Trans Business International","url":"https:\/\/tbifrance.com\/","logo":{"@type":"ImageObject","inLanguage":"fr-FR","@id":"https:\/\/tbifrance.com\/#\/schema\/logo\/image\/","url":"https:\/\/tbifrance.com\/wp-content\/uploads\/2025\/05\/logo-BLANC_Plan-de-travail-1-1-1.png","contentUrl":"https:\/\/tbifrance.com\/wp-content\/uploads\/2025\/05\/logo-BLANC_Plan-de-travail-1-1-1.png","width":573,"height":307,"caption":"Trans Business International"},"image":{"@id":"https:\/\/tbifrance.com\/#\/schema\/logo\/image\/"}}]}},"_links":{"self":[{"href":"https:\/\/tbifrance.com\/fr\/wp-json\/wp\/v2\/pages\/1433","targetHints":{"allow":["GET"]}}],"collection":[{"href":"https:\/\/tbifrance.com\/fr\/wp-json\/wp\/v2\/pages"}],"about":[{"href":"https:\/\/tbifrance.com\/fr\/wp-json\/wp\/v2\/types\/page"}],"author":[{"embeddable":true,"href":"https:\/\/tbifrance.com\/fr\/wp-json\/wp\/v2\/users\/3"}],"replies":[{"embeddable":true,"href":"https:\/\/tbifrance.com\/fr\/wp-json\/wp\/v2\/comments?post=1433"}],"version-history":[{"count":13,"href":"https:\/\/tbifrance.com\/fr\/wp-json\/wp\/v2\/pages\/1433\/revisions"}],"predecessor-version":[{"id":1562,"href":"https:\/\/tbifrance.com\/fr\/wp-json\/wp\/v2\/pages\/1433\/revisions\/1562"}],"wp:attachment":[{"href":"https:\/\/tbifrance.com\/fr\/wp-json\/wp\/v2\/media?parent=1433"}],"curies":[{"name":"wp","href":"https:\/\/api.w.org\/{rel}","templated":true}]}}