{"id":1425,"date":"2025-05-17T11:34:06","date_gmt":"2025-05-17T11:34:06","guid":{"rendered":"https:\/\/tbi.uca.icu\/?page_id=1425"},"modified":"2025-05-17T15:22:01","modified_gmt":"2025-05-17T15:22:01","slug":"terms-conditions","status":"publish","type":"page","link":"https:\/\/tbifrance.com\/fr\/terms-conditions\/","title":{"rendered":"Conditions g\u00e9n\u00e9rales"},"content":{"rendered":"<style>.elementor-1425 .elementor-element.elementor-element-da9b5e6{--display:flex;--flex-direction:column;--container-widget-width:100%;--container-widget-height:initial;--container-widget-flex-grow:0;--container-widget-align-self:initial;--flex-wrap-mobile:wrap;--padding-top:50px;--padding-bottom:50px;--padding-left:0px;--padding-right:0px;}.elementor-1425 .elementor-element.elementor-element-da9b5e6:not(.elementor-motion-effects-element-type-background), .elementor-1425 .elementor-element.elementor-element-da9b5e6 > .elementor-motion-effects-container > .elementor-motion-effects-layer{background-color:#000000;}.elementor-1425 .elementor-element.elementor-element-8f4e0eb{--display:flex;--min-height:300px;--flex-direction:row;--container-widget-width:calc( ( 1 - var( --container-widget-flex-grow ) ) * 100% );--container-widget-height:100%;--container-widget-flex-grow:1;--container-widget-align-self:stretch;--flex-wrap-mobile:wrap;--justify-content:center;--align-items:center;--border-radius:50px 50px 50px 50px;--padding-top:50px;--padding-bottom:50px;--padding-left:50px;--padding-right:50px;}.elementor-1425 .elementor-element.elementor-element-8f4e0eb:not(.elementor-motion-effects-element-type-background), .elementor-1425 .elementor-element.elementor-element-8f4e0eb > .elementor-motion-effects-container > .elementor-motion-effects-layer{background-color:#1C1A1A;background-image:url(\"https:\/\/tbifrance.com\/wp-content\/uploads\/2025\/05\/Group-14.jpg\");background-position:center center;background-repeat:no-repeat;background-size:cover;}.elementor-widget-heading .elementor-heading-title{font-family:var( --e-global-typography-primary-font-family ), Sans-serif;font-weight:var( --e-global-typography-primary-font-weight );color:var( --e-global-color-primary );}.elementor-1425 .elementor-element.elementor-element-3171008 > .elementor-widget-container{margin:0px 0px 0px 0px;padding:0px 0px 0px 0px;}.elementor-1425 .elementor-element.elementor-element-3171008{text-align:center;}.elementor-1425 .elementor-element.elementor-element-3171008 .elementor-heading-title{font-family:\"Syne\", Sans-serif;font-size:50px;font-weight:600;text-transform:uppercase;color:#FFFFFF;}.elementor-1425 .elementor-element.elementor-element-a59ca6f{--display:flex;--flex-direction:column;--container-widget-width:100%;--container-widget-height:initial;--container-widget-flex-grow:0;--container-widget-align-self:initial;--flex-wrap-mobile:wrap;}.elementor-1425 .elementor-element.elementor-element-a59ca6f:not(.elementor-motion-effects-element-type-background), .elementor-1425 .elementor-element.elementor-element-a59ca6f > .elementor-motion-effects-container > .elementor-motion-effects-layer{background-color:var( --e-global-color-secondary );}.elementor-1425 .elementor-element.elementor-element-97529a5{--display:flex;--min-height:200px;--flex-direction:row;--container-widget-width:calc( ( 1 - var( --container-widget-flex-grow ) ) * 100% );--container-widget-height:100%;--container-widget-flex-grow:1;--container-widget-align-self:stretch;--flex-wrap-mobile:wrap;--justify-content:center;--align-items:center;--border-radius:50px 50px 50px 50px;--padding-top:50px;--padding-bottom:50px;--padding-left:50px;--padding-right:50px;}.elementor-1425 .elementor-element.elementor-element-97529a5:not(.elementor-motion-effects-element-type-background), .elementor-1425 .elementor-element.elementor-element-97529a5 > .elementor-motion-effects-container > .elementor-motion-effects-layer{background-color:#1C1A1A;}.elementor-widget-text-editor{font-family:var( --e-global-typography-text-font-family ), Sans-serif;font-weight:var( --e-global-typography-text-font-weight );color:var( --e-global-color-text );}.elementor-widget-text-editor.elementor-drop-cap-view-stacked .elementor-drop-cap{background-color:var( --e-global-color-primary );}.elementor-widget-text-editor.elementor-drop-cap-view-framed .elementor-drop-cap, .elementor-widget-text-editor.elementor-drop-cap-view-default .elementor-drop-cap{color:var( --e-global-color-primary );border-color:var( --e-global-color-primary );}.elementor-1425 .elementor-element.elementor-element-99383d4{font-family:\"Syne\", Sans-serif;font-size:18px;font-weight:400;}:root{--page-title-display:none;}@media(max-width:1024px){.elementor-1425 .elementor-element.elementor-element-3171008 .elementor-heading-title{font-size:35px;}}@media(max-width:767px){.elementor-1425 .elementor-element.elementor-element-da9b5e6{--margin-top:0px;--margin-bottom:0px;--margin-left:0px;--margin-right:0px;--padding-top:0px;--padding-bottom:10px;--padding-left:0px;--padding-right:0px;}.elementor-1425 .elementor-element.elementor-element-8f4e0eb{--min-height:200px;--padding-top:50px;--padding-bottom:50px;--padding-left:30px;--padding-right:30px;}.elementor-1425 .elementor-element.elementor-element-3171008{width:100%;max-width:100%;}.elementor-1425 .elementor-element.elementor-element-3171008 .elementor-heading-title{font-size:28px;line-height:1.2em;}.elementor-1425 .elementor-element.elementor-element-97529a5{--padding-top:50px;--padding-bottom:50px;--padding-left:30px;--padding-right:30px;}}@media(min-width:1025px){.elementor-1425 .elementor-element.elementor-element-8f4e0eb:not(.elementor-motion-effects-element-type-background), .elementor-1425 .elementor-element.elementor-element-8f4e0eb > .elementor-motion-effects-container > .elementor-motion-effects-layer{background-attachment:scroll;}}<\/style>\t\t<div data-elementor-type=\"wp-page\" data-elementor-id=\"1425\" class=\"elementor elementor-1425\" data-elementor-post-type=\"page\">\n\t\t\t\t<div class=\"elementor-element elementor-element-da9b5e6 e-flex e-con-boxed e-con e-parent\" data-id=\"da9b5e6\" data-element_type=\"container\" data-settings=\"{&quot;background_background&quot;:&quot;classic&quot;}\">\n\t\t\t\t\t<div class=\"e-con-inner\">\n\t\t<div class=\"elementor-element elementor-element-8f4e0eb e-con-full e-flex e-con e-child\" data-id=\"8f4e0eb\" data-element_type=\"container\" data-settings=\"{&quot;background_background&quot;:&quot;classic&quot;}\">\n\t\t\t\t<div class=\"elementor-element elementor-element-3171008 elementor-widget-mobile__width-inherit elementor-widget elementor-widget-heading\" data-id=\"3171008\" data-element_type=\"widget\" data-widget_type=\"heading.default\">\n\t\t\t\t<div class=\"elementor-widget-container\">\n\t\t\t\t\t<h2 class=\"elementor-heading-title elementor-size-default\">Conditions g\u00e9n\u00e9rales<\/h2>\t\t\t\t<\/div>\n\t\t\t\t<\/div>\n\t\t\t\t<\/div>\n\t\t\t\t\t<\/div>\n\t\t\t\t<\/div>\n\t\t<div class=\"elementor-element elementor-element-a59ca6f e-flex e-con-boxed e-con e-parent\" data-id=\"a59ca6f\" data-element_type=\"container\" data-settings=\"{&quot;background_background&quot;:&quot;classic&quot;}\">\n\t\t\t\t\t<div class=\"e-con-inner\">\n\t\t<div class=\"elementor-element elementor-element-97529a5 e-con-full e-flex e-con e-child\" data-id=\"97529a5\" data-element_type=\"container\" data-settings=\"{&quot;background_background&quot;:&quot;classic&quot;}\">\n\t\t\t\t<div class=\"elementor-element elementor-element-99383d4 elementor-widget elementor-widget-text-editor\" data-id=\"99383d4\" data-element_type=\"widget\" data-widget_type=\"text-editor.default\">\n\t\t\t\t<div class=\"elementor-widget-container\">\n\t\t\t\t\t\t\t\t\t<p class=\"translation-block\">Derni\u00e8re mise \u00e0 jour : 9 mai 2025<\/p><p class=\"translation-block\">Les pr\u00e9sentes Conditions G\u00e9n\u00e9rales d\u2019Utilisation r\u00e9gissent l\u2019acc\u00e8s et l\u2019utilisation du site internet www.tbifrance.com, \u00e9dit\u00e9 par Trans Business International (TBI).<\/p><p>En naviguant sur ce site, l\u2019utilisateur accepte les conditions \u00e9nonc\u00e9es ci-dessous.<\/p><h3>1. <strong>Objet du site<\/strong><\/h3><p class=\"translation-block\">Le site www.tbifrance.com a pour vocation de pr\u00e9senter les services de transport international, logistique et douane propos\u00e9s par TBI, ainsi que d\u2019informer les utilisateurs sur ses expertises, zones d\u2019intervention et actualit\u00e9s.<\/p><h3>2. <strong>Acc\u00e8s au site<\/strong><\/h3><p>L\u2019acc\u00e8s au site est libre et gratuit.<\/p><p>TBI s\u2019efforce de maintenir le site accessible 24h\/24, 7j\/7, mais ne saurait \u00eatre tenue responsable en cas d\u2019interruption temporaire (maintenance, incident technique, etc.).<\/p><h3>3. <strong>Propri\u00e9t\u00e9 intellectuelle<\/strong><\/h3><p>Tous les \u00e9l\u00e9ments du site (textes, visuels, logos, charte graphique, etc.) sont prot\u00e9g\u00e9s par le droit de la propri\u00e9t\u00e9 intellectuelle et sont la propri\u00e9t\u00e9 exclusive de TBI ou de ses partenaires.<\/p><p>Toute reproduction, repr\u00e9sentation ou diffusion, m\u00eame partielle, sans autorisation pr\u00e9alable est interdite.<\/p><h3>4. <strong>Utilisation du formulaire de contact<\/strong><\/h3><p>Les informations transmises via les formulaires sont destin\u00e9es uniquement \u00e0 TBI pour traiter les demandes (contact, devis, inscription).<\/p><p>Please refer to our [Privacy Policy] for details on how personal data is handled.<\/p><h3>5. <strong>Responsabilit\u00e9<\/strong><\/h3><p>TBI met tout en \u0153uvre pour fournir des informations \u00e0 jour et exactes. Toutefois, l\u2019entreprise ne garantit pas l\u2019exactitude ou l\u2019exhaustivit\u00e9 du contenu, et ne saurait \u00eatre tenue responsable des erreurs ou omissions.<\/p><p>L\u2019utilisateur reste seul responsable de l\u2019usage qu\u2019il fait des informations disponibles sur le site.<\/p><h3>6. <strong>Liens externes<\/strong><\/h3><p>Le site peut contenir des liens vers d\u2019autres sites tiers.<\/p><p>TBI n\u2019est pas responsable du contenu ni des conditions d\u2019utilisation de ces sites externes.<\/p><h3>7. <strong>Modification des CGU<\/strong><\/h3><p>TBI se r\u00e9serve le droit de modifier \u00e0 tout moment les pr\u00e9sentes CGU.<\/p><p>L\u2019utilisateur est invit\u00e9 \u00e0 les consulter r\u00e9guli\u00e8rement.<\/p><h3>8. <strong>Loi applicable et juridiction comp\u00e9tente<\/strong><\/h3><p>Les pr\u00e9sentes CGU sont soumises au droit fran\u00e7ais.<\/p><p class=\"translation-block\">Tout litige relatif \u00e0 l\u2019utilisation du site sera de la comp\u00e9tence exclusive des tribunaux de Bobigny.<\/p><p><!-- notionvc: 1c1f9ba0-cd93-4946-b7ac-f7045bca374a --><\/p>\t\t\t\t\t\t\t\t<\/div>\n\t\t\t\t<\/div>\n\t\t\t\t<\/div>\n\t\t\t\t\t<\/div>\n\t\t\t\t<\/div>\n\t\t\t\t<\/div>\n\t\t\n    <div class=\"xs_social_share_widget xs_share_url after_content \t\tmain_content  wslu-style-1 wslu-share-box-shaped wslu-fill-colored wslu-none wslu-share-horizontal wslu-theme-font-no wslu-main_content\">\n\n\t\t\n        <ul>\n\t\t\t        <\/ul>\n    <\/div>","protected":false},"excerpt":{"rendered":"<p>Terms &#038; Conditions Last updated: May 9, 2025 These Terms of Use govern access to and use of the website www.tbifrance.com, published by Trans Business International (TBI). By browsing this website, users agree to the following terms. 1. Purpose of the Website The website www.tbifrance.com aims to present TBI\u2019s international transport, logistics, and customs services, [&hellip;]<\/p>","protected":false},"author":3,"featured_media":0,"parent":0,"menu_order":0,"comment_status":"closed","ping_status":"closed","template":"elementor_header_footer","meta":{"footnotes":""},"class_list":["post-1425","page","type-page","status-publish","hentry"],"yoast_head":"<!-- This site is optimized with the Yoast SEO plugin v26.6 - https:\/\/yoast.com\/wordpress\/plugins\/seo\/ -->\n<title>Terms &amp; Conditions - Trans Business International<\/title>\n<meta name=\"robots\" content=\"index, follow, max-snippet:-1, max-image-preview:large, max-video-preview:-1\" \/>\n<link rel=\"canonical\" href=\"https:\/\/tbifrance.com\/fr\/terms-conditions\/\" \/>\n<meta property=\"og:locale\" content=\"fr_FR\" \/>\n<meta property=\"og:type\" content=\"article\" \/>\n<meta property=\"og:title\" content=\"Terms &amp; Conditions - Trans Business International\" \/>\n<meta property=\"og:description\" content=\"Terms &#038; Conditions Last updated: May 9, 2025 These Terms of Use govern access to and use of the website www.tbifrance.com, published by Trans Business International (TBI). By browsing this website, users agree to the following terms. 1. Purpose of the Website The website www.tbifrance.com aims to present TBI\u2019s international transport, logistics, and customs services, [&hellip;]\" \/>\n<meta property=\"og:url\" content=\"https:\/\/tbifrance.com\/fr\/terms-conditions\/\" \/>\n<meta property=\"og:site_name\" content=\"Trans Business International\" \/>\n<meta property=\"article:modified_time\" content=\"2025-05-17T15:22:01+00:00\" \/>\n<meta name=\"twitter:card\" content=\"summary_large_image\" \/>\n<meta name=\"twitter:label1\" content=\"Dur\u00e9e de lecture estim\u00e9e\" \/>\n\t<meta name=\"twitter:data1\" content=\"2 minutes\" \/>\n<script type=\"application\/ld+json\" class=\"yoast-schema-graph\">{\"@context\":\"https:\/\/schema.org\",\"@graph\":[{\"@type\":\"WebPage\",\"@id\":\"https:\/\/tbifrance.com\/terms-conditions\/\",\"url\":\"https:\/\/tbifrance.com\/terms-conditions\/\",\"name\":\"Terms &amp; Conditions - Trans Business International\",\"isPartOf\":{\"@id\":\"https:\/\/tbifrance.com\/#website\"},\"datePublished\":\"2025-05-17T11:34:06+00:00\",\"dateModified\":\"2025-05-17T15:22:01+00:00\",\"breadcrumb\":{\"@id\":\"https:\/\/tbifrance.com\/terms-conditions\/#breadcrumb\"},\"inLanguage\":\"fr-FR\",\"potentialAction\":[{\"@type\":\"ReadAction\",\"target\":[\"https:\/\/tbifrance.com\/terms-conditions\/\"]}]},{\"@type\":\"BreadcrumbList\",\"@id\":\"https:\/\/tbifrance.com\/terms-conditions\/#breadcrumb\",\"itemListElement\":[{\"@type\":\"ListItem\",\"position\":1,\"name\":\"Home\",\"item\":\"https:\/\/tbifrance.com\/\"},{\"@type\":\"ListItem\",\"position\":2,\"name\":\"Terms &amp; Conditions\"}]},{\"@type\":\"WebSite\",\"@id\":\"https:\/\/tbifrance.com\/#website\",\"url\":\"https:\/\/tbifrance.com\/\",\"name\":\"Trans Business International\",\"description\":\"Everytime, Everywhere, Anywhere\",\"publisher\":{\"@id\":\"https:\/\/tbifrance.com\/#organization\"},\"potentialAction\":[{\"@type\":\"SearchAction\",\"target\":{\"@type\":\"EntryPoint\",\"urlTemplate\":\"https:\/\/tbifrance.com\/?s={search_term_string}\"},\"query-input\":{\"@type\":\"PropertyValueSpecification\",\"valueRequired\":true,\"valueName\":\"search_term_string\"}}],\"inLanguage\":\"fr-FR\"},{\"@type\":\"Organization\",\"@id\":\"https:\/\/tbifrance.com\/#organization\",\"name\":\"Trans Business International\",\"url\":\"https:\/\/tbifrance.com\/\",\"logo\":{\"@type\":\"ImageObject\",\"inLanguage\":\"fr-FR\",\"@id\":\"https:\/\/tbifrance.com\/#\/schema\/logo\/image\/\",\"url\":\"https:\/\/tbifrance.com\/wp-content\/uploads\/2025\/05\/logo-BLANC_Plan-de-travail-1-1-1.png\",\"contentUrl\":\"https:\/\/tbifrance.com\/wp-content\/uploads\/2025\/05\/logo-BLANC_Plan-de-travail-1-1-1.png\",\"width\":573,\"height\":307,\"caption\":\"Trans Business International\"},\"image\":{\"@id\":\"https:\/\/tbifrance.com\/#\/schema\/logo\/image\/\"}}]}<\/script>\n<!-- \/ Yoast SEO plugin. -->","yoast_head_json":{"title":"Terms &amp; Conditions - Trans Business International","robots":{"index":"index","follow":"follow","max-snippet":"max-snippet:-1","max-image-preview":"max-image-preview:large","max-video-preview":"max-video-preview:-1"},"canonical":"https:\/\/tbifrance.com\/fr\/terms-conditions\/","og_locale":"fr_FR","og_type":"article","og_title":"Terms &amp; Conditions - Trans Business International","og_description":"Terms &#038; Conditions Last updated: May 9, 2025 These Terms of Use govern access to and use of the website www.tbifrance.com, published by Trans Business International (TBI). By browsing this website, users agree to the following terms. 1. Purpose of the Website The website www.tbifrance.com aims to present TBI\u2019s international transport, logistics, and customs services, [&hellip;]","og_url":"https:\/\/tbifrance.com\/fr\/terms-conditions\/","og_site_name":"Trans Business International","article_modified_time":"2025-05-17T15:22:01+00:00","twitter_card":"summary_large_image","twitter_misc":{"Dur\u00e9e de lecture estim\u00e9e":"2 minutes"},"schema":{"@context":"https:\/\/schema.org","@graph":[{"@type":"WebPage","@id":"https:\/\/tbifrance.com\/terms-conditions\/","url":"https:\/\/tbifrance.com\/terms-conditions\/","name":"Terms &amp; Conditions - Trans Business International","isPartOf":{"@id":"https:\/\/tbifrance.com\/#website"},"datePublished":"2025-05-17T11:34:06+00:00","dateModified":"2025-05-17T15:22:01+00:00","breadcrumb":{"@id":"https:\/\/tbifrance.com\/terms-conditions\/#breadcrumb"},"inLanguage":"fr-FR","potentialAction":[{"@type":"ReadAction","target":["https:\/\/tbifrance.com\/terms-conditions\/"]}]},{"@type":"BreadcrumbList","@id":"https:\/\/tbifrance.com\/terms-conditions\/#breadcrumb","itemListElement":[{"@type":"ListItem","position":1,"name":"Home","item":"https:\/\/tbifrance.com\/"},{"@type":"ListItem","position":2,"name":"Terms &amp; Conditions"}]},{"@type":"WebSite","@id":"https:\/\/tbifrance.com\/#website","url":"https:\/\/tbifrance.com\/","name":"Trans Business International","description":"Everytime, Everywhere, Anywhere","publisher":{"@id":"https:\/\/tbifrance.com\/#organization"},"potentialAction":[{"@type":"SearchAction","target":{"@type":"EntryPoint","urlTemplate":"https:\/\/tbifrance.com\/?s={search_term_string}"},"query-input":{"@type":"PropertyValueSpecification","valueRequired":true,"valueName":"search_term_string"}}],"inLanguage":"fr-FR"},{"@type":"Organization","@id":"https:\/\/tbifrance.com\/#organization","name":"Trans Business International","url":"https:\/\/tbifrance.com\/","logo":{"@type":"ImageObject","inLanguage":"fr-FR","@id":"https:\/\/tbifrance.com\/#\/schema\/logo\/image\/","url":"https:\/\/tbifrance.com\/wp-content\/uploads\/2025\/05\/logo-BLANC_Plan-de-travail-1-1-1.png","contentUrl":"https:\/\/tbifrance.com\/wp-content\/uploads\/2025\/05\/logo-BLANC_Plan-de-travail-1-1-1.png","width":573,"height":307,"caption":"Trans Business International"},"image":{"@id":"https:\/\/tbifrance.com\/#\/schema\/logo\/image\/"}}]}},"_links":{"self":[{"href":"https:\/\/tbifrance.com\/fr\/wp-json\/wp\/v2\/pages\/1425","targetHints":{"allow":["GET"]}}],"collection":[{"href":"https:\/\/tbifrance.com\/fr\/wp-json\/wp\/v2\/pages"}],"about":[{"href":"https:\/\/tbifrance.com\/fr\/wp-json\/wp\/v2\/types\/page"}],"author":[{"embeddable":true,"href":"https:\/\/tbifrance.com\/fr\/wp-json\/wp\/v2\/users\/3"}],"replies":[{"embeddable":true,"href":"https:\/\/tbifrance.com\/fr\/wp-json\/wp\/v2\/comments?post=1425"}],"version-history":[{"count":10,"href":"https:\/\/tbifrance.com\/fr\/wp-json\/wp\/v2\/pages\/1425\/revisions"}],"predecessor-version":[{"id":1546,"href":"https:\/\/tbifrance.com\/fr\/wp-json\/wp\/v2\/pages\/1425\/revisions\/1546"}],"wp:attachment":[{"href":"https:\/\/tbifrance.com\/fr\/wp-json\/wp\/v2\/media?parent=1425"}],"curies":[{"name":"wp","href":"https:\/\/api.w.org\/{rel}","templated":true}]}}